{"id":244,"date":"2025-06-30T13:34:03","date_gmt":"2025-06-30T13:34:03","guid":{"rendered":"https:\/\/mulanfondas.lt\/produktas\/test\/"},"modified":"2025-11-08T21:05:16","modified_gmt":"2025-11-08T19:05:16","slug":"test","status":"publish","type":"product","link":"https:\/\/mulanfondas.lt\/en\/product\/test\/","title":{"rendered":"Periodic donation (monthly)"},"content":{"rendered":"","protected":false},"excerpt":{"rendered":"","protected":false},"featured_media":527,"template":"","meta":[],"product_brand":[],"product_cat":[15],"product_tag":[],"class_list":{"0":"post-244","1":"product","2":"type-product","3":"status-publish","4":"has-post-thumbnail","6":"product_cat-be-kategorijos","8":"first","9":"instock","10":"virtual","11":"sold-individually","12":"purchasable","13":"product-type-simple"},"yoast_head":"<!-- This site is optimized with the Yoast SEO plugin v26.3 - https:\/\/yoast.com\/wordpress\/plugins\/seo\/ -->\n<title>Periodin\u0117 auka (kiekvien\u0105 m\u0117nes\u012f) - Mulan fondas<\/title>\n<meta name=\"robots\" content=\"index, follow, max-snippet:-1, max-image-preview:large, max-video-preview:-1\" \/>\n<link rel=\"canonical\" href=\"https:\/\/mulanfondas.lt\/en\/product\/test\/\" \/>\n<meta property=\"og:locale\" content=\"en_GB\" \/>\n<meta property=\"og:type\" content=\"article\" \/>\n<meta property=\"og:title\" content=\"Periodin\u0117 auka (kiekvien\u0105 m\u0117nes\u012f) - Mulan fondas\" \/>\n<meta property=\"og:url\" content=\"https:\/\/mulanfondas.lt\/en\/product\/test\/\" \/>\n<meta property=\"og:site_name\" content=\"Mulan fondas\" \/>\n<meta property=\"article:publisher\" content=\"https:\/\/www.facebook.com\/mulanfondas\" \/>\n<meta property=\"article:modified_time\" content=\"2025-11-08T19:05:16+00:00\" \/>\n<meta property=\"og:image\" content=\"https:\/\/mulanfondas.lt\/wp-content\/uploads\/2025\/10\/logo-black-BJe-ZwJn-1.png\" \/>\n\t<meta property=\"og:image:width\" content=\"296\" \/>\n\t<meta property=\"og:image:height\" content=\"333\" \/>\n\t<meta property=\"og:image:type\" content=\"image\/png\" \/>\n<meta name=\"twitter:card\" content=\"summary_large_image\" \/>\n<script type=\"application\/ld+json\" class=\"yoast-schema-graph\">{\"@context\":\"https:\/\/schema.org\",\"@graph\":[{\"@type\":\"WebPage\",\"@id\":\"https:\/\/mulanfondas.lt\/produktas\/test\/\",\"url\":\"https:\/\/mulanfondas.lt\/produktas\/test\/\",\"name\":\"Periodin\u0117 auka (kiekvien\u0105 m\u0117nes\u012f) - Mulan fondas\",\"isPartOf\":{\"@id\":\"https:\/\/mulanfondas.lt\/#website\"},\"primaryImageOfPage\":{\"@id\":\"https:\/\/mulanfondas.lt\/produktas\/test\/#primaryimage\"},\"image\":{\"@id\":\"https:\/\/mulanfondas.lt\/produktas\/test\/#primaryimage\"},\"thumbnailUrl\":\"https:\/\/mulanfondas.lt\/wp-content\/uploads\/2025\/10\/logo-black-BJe-ZwJn-1.png\",\"datePublished\":\"2025-06-30T13:34:03+00:00\",\"dateModified\":\"2025-11-08T19:05:16+00:00\",\"breadcrumb\":{\"@id\":\"https:\/\/mulanfondas.lt\/produktas\/test\/#breadcrumb\"},\"inLanguage\":\"en-GB\",\"potentialAction\":[{\"@type\":\"ReadAction\",\"target\":[\"https:\/\/mulanfondas.lt\/produktas\/test\/\"]}]},{\"@type\":\"ImageObject\",\"inLanguage\":\"en-GB\",\"@id\":\"https:\/\/mulanfondas.lt\/produktas\/test\/#primaryimage\",\"url\":\"https:\/\/mulanfondas.lt\/wp-content\/uploads\/2025\/10\/logo-black-BJe-ZwJn-1.png\",\"contentUrl\":\"https:\/\/mulanfondas.lt\/wp-content\/uploads\/2025\/10\/logo-black-BJe-ZwJn-1.png\",\"width\":296,\"height\":333},{\"@type\":\"BreadcrumbList\",\"@id\":\"https:\/\/mulanfondas.lt\/produktas\/test\/#breadcrumb\",\"itemListElement\":[{\"@type\":\"ListItem\",\"position\":1,\"name\":\"Home\",\"item\":\"https:\/\/mulanfondas.lt\/\"},{\"@type\":\"ListItem\",\"position\":2,\"name\":\"Parduotuv\u0117\",\"item\":\"https:\/\/mulanfondas.lt\/parduotuve\/\"},{\"@type\":\"ListItem\",\"position\":3,\"name\":\"Periodin\u0117 auka (kiekvien\u0105 m\u0117nes\u012f)\"}]},{\"@type\":\"WebSite\",\"@id\":\"https:\/\/mulanfondas.lt\/#website\",\"url\":\"https:\/\/mulanfondas.lt\/\",\"name\":\"Mulan fondas\",\"description\":\"Pirmieji \u0161unys asistentai Lietuvoje\",\"publisher\":{\"@id\":\"https:\/\/mulanfondas.lt\/#organization\"},\"alternateName\":\"Ajanos Lolat labdaros ir paramos fondas\",\"potentialAction\":[{\"@type\":\"SearchAction\",\"target\":{\"@type\":\"EntryPoint\",\"urlTemplate\":\"https:\/\/mulanfondas.lt\/?s={search_term_string}\"},\"query-input\":{\"@type\":\"PropertyValueSpecification\",\"valueRequired\":true,\"valueName\":\"search_term_string\"}}],\"inLanguage\":\"en-GB\"},{\"@type\":\"Organization\",\"@id\":\"https:\/\/mulanfondas.lt\/#organization\",\"name\":\"Ajanos Lolat labdaros ir paramos fondas\",\"alternateName\":\"Mulan fondas\",\"url\":\"https:\/\/mulanfondas.lt\/\",\"logo\":{\"@type\":\"ImageObject\",\"inLanguage\":\"en-GB\",\"@id\":\"https:\/\/mulanfondas.lt\/#\/schema\/logo\/image\/\",\"url\":\"https:\/\/mulanfondas.lt\/wp-content\/uploads\/2025\/11\/logo1.png\",\"contentUrl\":\"https:\/\/mulanfondas.lt\/wp-content\/uploads\/2025\/11\/logo1.png\",\"width\":512,\"height\":512,\"caption\":\"Ajanos Lolat labdaros ir paramos fondas\"},\"image\":{\"@id\":\"https:\/\/mulanfondas.lt\/#\/schema\/logo\/image\/\"},\"sameAs\":[\"https:\/\/www.facebook.com\/mulanfondas\"]}]}<\/script>\n<!-- \/ Yoast SEO plugin. -->","yoast_head_json":{"title":"Periodin\u0117 auka (kiekvien\u0105 m\u0117nes\u012f) - Mulan fondas","robots":{"index":"index","follow":"follow","max-snippet":"max-snippet:-1","max-image-preview":"max-image-preview:large","max-video-preview":"max-video-preview:-1"},"canonical":"https:\/\/mulanfondas.lt\/en\/product\/test\/","og_locale":"en_GB","og_type":"article","og_title":"Periodin\u0117 auka (kiekvien\u0105 m\u0117nes\u012f) - Mulan fondas","og_url":"https:\/\/mulanfondas.lt\/en\/product\/test\/","og_site_name":"Mulan fondas","article_publisher":"https:\/\/www.facebook.com\/mulanfondas","article_modified_time":"2025-11-08T19:05:16+00:00","og_image":[{"width":296,"height":333,"url":"https:\/\/mulanfondas.lt\/wp-content\/uploads\/2025\/10\/logo-black-BJe-ZwJn-1.png","type":"image\/png"}],"twitter_card":"summary_large_image","schema":{"@context":"https:\/\/schema.org","@graph":[{"@type":"WebPage","@id":"https:\/\/mulanfondas.lt\/produktas\/test\/","url":"https:\/\/mulanfondas.lt\/produktas\/test\/","name":"Periodin\u0117 auka (kiekvien\u0105 m\u0117nes\u012f) - Mulan fondas","isPartOf":{"@id":"https:\/\/mulanfondas.lt\/#website"},"primaryImageOfPage":{"@id":"https:\/\/mulanfondas.lt\/produktas\/test\/#primaryimage"},"image":{"@id":"https:\/\/mulanfondas.lt\/produktas\/test\/#primaryimage"},"thumbnailUrl":"https:\/\/mulanfondas.lt\/wp-content\/uploads\/2025\/10\/logo-black-BJe-ZwJn-1.png","datePublished":"2025-06-30T13:34:03+00:00","dateModified":"2025-11-08T19:05:16+00:00","breadcrumb":{"@id":"https:\/\/mulanfondas.lt\/produktas\/test\/#breadcrumb"},"inLanguage":"en-GB","potentialAction":[{"@type":"ReadAction","target":["https:\/\/mulanfondas.lt\/produktas\/test\/"]}]},{"@type":"ImageObject","inLanguage":"en-GB","@id":"https:\/\/mulanfondas.lt\/produktas\/test\/#primaryimage","url":"https:\/\/mulanfondas.lt\/wp-content\/uploads\/2025\/10\/logo-black-BJe-ZwJn-1.png","contentUrl":"https:\/\/mulanfondas.lt\/wp-content\/uploads\/2025\/10\/logo-black-BJe-ZwJn-1.png","width":296,"height":333},{"@type":"BreadcrumbList","@id":"https:\/\/mulanfondas.lt\/produktas\/test\/#breadcrumb","itemListElement":[{"@type":"ListItem","position":1,"name":"Home","item":"https:\/\/mulanfondas.lt\/"},{"@type":"ListItem","position":2,"name":"Parduotuv\u0117","item":"https:\/\/mulanfondas.lt\/parduotuve\/"},{"@type":"ListItem","position":3,"name":"Periodin\u0117 auka (kiekvien\u0105 m\u0117nes\u012f)"}]},{"@type":"WebSite","@id":"https:\/\/mulanfondas.lt\/#website","url":"https:\/\/mulanfondas.lt\/","name":"Mulan fondas","description":"Pirmieji \u0161unys asistentai Lietuvoje","publisher":{"@id":"https:\/\/mulanfondas.lt\/#organization"},"alternateName":"Ajanos Lolat labdaros ir paramos fondas","potentialAction":[{"@type":"SearchAction","target":{"@type":"EntryPoint","urlTemplate":"https:\/\/mulanfondas.lt\/?s={search_term_string}"},"query-input":{"@type":"PropertyValueSpecification","valueRequired":true,"valueName":"search_term_string"}}],"inLanguage":"en-GB"},{"@type":"Organization","@id":"https:\/\/mulanfondas.lt\/#organization","name":"Ajanos Lolat labdaros ir paramos fondas","alternateName":"Mulan fondas","url":"https:\/\/mulanfondas.lt\/","logo":{"@type":"ImageObject","inLanguage":"en-GB","@id":"https:\/\/mulanfondas.lt\/#\/schema\/logo\/image\/","url":"https:\/\/mulanfondas.lt\/wp-content\/uploads\/2025\/11\/logo1.png","contentUrl":"https:\/\/mulanfondas.lt\/wp-content\/uploads\/2025\/11\/logo1.png","width":512,"height":512,"caption":"Ajanos Lolat labdaros ir paramos fondas"},"image":{"@id":"https:\/\/mulanfondas.lt\/#\/schema\/logo\/image\/"},"sameAs":["https:\/\/www.facebook.com\/mulanfondas"]}]}},"_links":{"self":[{"href":"https:\/\/mulanfondas.lt\/en\/wp-json\/wp\/v2\/product\/244","targetHints":{"allow":["GET"]}}],"collection":[{"href":"https:\/\/mulanfondas.lt\/en\/wp-json\/wp\/v2\/product"}],"about":[{"href":"https:\/\/mulanfondas.lt\/en\/wp-json\/wp\/v2\/types\/product"}],"wp:featuredmedia":[{"embeddable":true,"href":"https:\/\/mulanfondas.lt\/en\/wp-json\/wp\/v2\/media\/527"}],"wp:attachment":[{"href":"https:\/\/mulanfondas.lt\/en\/wp-json\/wp\/v2\/media?parent=244"}],"wp:term":[{"taxonomy":"product_brand","embeddable":true,"href":"https:\/\/mulanfondas.lt\/en\/wp-json\/wp\/v2\/product_brand?post=244"},{"taxonomy":"product_cat","embeddable":true,"href":"https:\/\/mulanfondas.lt\/en\/wp-json\/wp\/v2\/product_cat?post=244"},{"taxonomy":"product_tag","embeddable":true,"href":"https:\/\/mulanfondas.lt\/en\/wp-json\/wp\/v2\/product_tag?post=244"}],"curies":[{"name":"wp","href":"https:\/\/api.w.org\/{rel}","templated":true}]}}