{"id":914,"date":"2025-11-09T12:11:57","date_gmt":"2025-11-09T10:11:57","guid":{"rendered":"https:\/\/mulanfondas.lt\/?page_id=914"},"modified":"2025-11-09T16:56:54","modified_gmt":"2025-11-09T14:56:54","slug":"naujienos","status":"publish","type":"page","link":"https:\/\/mulanfondas.lt\/en\/naujienos\/","title":{"rendered":"News"},"content":{"rendered":"<div class=\"section-wrapper\" data-id=\"tCOlqI\"><section class=\"wp-block-gutenverse-section guten-element guten-section guten-tCOlqI layout-boxed align-stretch\"><div class=\"guten-container guten-column-gap-default\">\n<div class=\"wp-block-gutenverse-column guten-element guten-column guten-bGOpBl animated guten-element-hide desktop-fadeInLeft\"><div class=\"guten-column-wrapper\" data-id=\"bGOpBl\">\n<h2 class=\"wp-block-gutenverse-heading guten-element guten-WbIqHf\">News from Mulan fondas<\/h2>\n\n\n\n<div class=\"guten-element gutenverse-text-editor guten-W5WFOg\"><div class=\"text-content-inner\">\n<p>Welcome to the world of assistance dogs and Ajana Lolat-Pa\u017earauskien\u0117 - where tails wag and hearts melt! Discover our latest news and achievements!<\/p>\n<\/div><\/div>\n\n\n\n<div class=\"section-wrapper\" data-id=\"wFx1z5\"><section class=\"wp-block-gutenverse-section guten-element guten-section guten-wFx1z5 layout-boxed align-stretch\"><div class=\"guten-container guten-column-gap-no\">\n<div class=\"wp-block-gutenverse-column guten-element guten-column guten-p06GPK\"><div class=\"guten-column-wrapper\" data-id=\"p06GPK\">\n<div class=\"wp-block-ultimate-post-post-grid-parent ultp-post-grid-parent\" data-postid=\"914\" data-grids=\"[{&quot;blockId&quot;:&quot;b039e2&quot;,&quot;name&quot;:&quot;ultimate-post_post-grid-1&quot;}]\" data-pagi=\"[&quot;ultp-block-d00527&quot;]\"><div  class=\"ultp-post-grid-block wp-block-ultimate-post-post-grid-1 ultp-block-b039e2\"><div class=\"ultp-block-wrapper\"><div class=\"ultp-loading\"><div class=\"ultp-loading-blocks\" style=\"width:100%;height:100%;\"><div style=\"left: 0;top: 0;animation-delay:0s;\"><\/div><div style=\"left: 21px;top: 0;animation-delay:0.125s;\"><\/div><div style=\"left: 42px;top: 0;animation-delay:0.25s;\"><\/div><div style=\"left: 0;top: 21px;animation-delay:0.875s;\"><\/div><div style=\"left: 42px;top: 21px;animation-delay:0.375s;\"><\/div><div style=\"left: 0;top: 42px;animation-delay:0.75s;\"><\/div><div style=\"left: 42px;top: 42px;animation-delay:0.625s;\"><\/div><div style=\"left: 21px;top: 42px;animation-delay:0.5s;\"><\/div><\/div><\/div><div class=\"ultp-block-items-wrap ultp-block-row ultp-pg1a-style1 ultp-grid1-responsive ultp-block-column-3 ultp-sm-column-2 ultp-xs-column-1 ultp-layout1\"><div class=\"ultp-block-item post-id-491\"><div class=\"ultp-block-content-wrap\"><div class=\"ultp-block-image ultp-block-image-opacity\"><a href=\"https:\/\/mulanfondas.lt\/en\/ajana-lolat-pazarauskiene-vel-tapo-gineso-rekordininke-tokia-vienintele-pasaulyje\/\" ><img decoding=\"async\"  class=\"ultp-block-image-content\"  alt=\"Ajana Lolat-Pa\u017earauskien\u0117 v\u0117l tapo Gineso rekordininke \u2013 tokia vienintel\u0117 pasaulyje\"  src=\"https:\/\/mulanfondas.lt\/wp-content\/uploads\/2025\/10\/557630031_1252047846965302_5326690531395427450_n-870x570.jpg\" \/><\/a><\/div><div class=\"ultp-block-content\"><h3 class=\"ultp-block-title\"><a href=\"https:\/\/mulanfondas.lt\/en\/ajana-lolat-pazarauskiene-vel-tapo-gineso-rekordininke-tokia-vienintele-pasaulyje\/\" >Ajana Lolat-Pa\u017earauskien\u0117 has once again become a Guinness World Record holder - the only one of her kind in the world<\/a><\/h3><div class=\"ultp-block-meta ultp-block-meta-dot ultp-block-meta-icon\"><span class=\"ultp-block-date ultp-block-meta-element\"><svg xmlns=\"http:\/\/www.w3.org\/2000\/svg\" fill=\"none\" viewbox=\"0 0 24 24\">\r\n  <path stroke=\"currentColor\" stroke-linecap=\"round\" stroke-linejoin=\"round\" stroke-width=\"1.5\" d=\"M3 5.5a2 2 0 0 1 2-2h14a2 2 0 0 1 2 2v14a2 2 0 0 1-2 2H5a2 2 0 0 1-2-2v-14ZM8 2v3m8-3v3M3 9h18\"\/>\r\n<\/svg>\r\nOct 2, 2025<\/span><\/div><div class=\"ultp-block-excerpt\"><p>Ajana Lolat-Pa\u017earauskien\u0117 shook the world with her record: a woman with cerebral palsy, using crutches, covered the longest distance in the world. \u201cCongratulations to our colleague Ajana\u2026<\/p>\n<\/div><\/div><\/div><\/div><div class=\"ultp-block-item post-id-488\"><div class=\"ultp-block-content-wrap\"><div class=\"ultp-block-image ultp-block-image-opacity\"><a href=\"https:\/\/mulanfondas.lt\/en\/ajana-lolat-pazarauskiene-sieks-pagerinti-guinnesso-rekorda-bus-keturgubai-sunkiau\/\" ><img decoding=\"async\"  class=\"ultp-block-image-content\"  alt=\"Ajana Lolat-Pa\u017earauskien\u0117 sieks pagerinti Guinnesso rekord\u0105: \u201eBus keturgubai sunkiau\u201c\"  src=\"https:\/\/mulanfondas.lt\/wp-content\/uploads\/2025\/10\/ajana-lolat-pazarauskiene-682b22c3c3359-1-870x570.jpg\" \/><\/a><\/div><div class=\"ultp-block-content\"><h3 class=\"ultp-block-title\"><a href=\"https:\/\/mulanfondas.lt\/en\/ajana-lolat-pazarauskiene-sieks-pagerinti-guinnesso-rekorda-bus-keturgubai-sunkiau\/\" >Ajana Lolat-Pa\u017earauskien\u0117 will aim to break the Guinness World Record: \u201cIt will be four times harder.\u201d<\/a><\/h3><div class=\"ultp-block-meta ultp-block-meta-dot ultp-block-meta-icon\"><span class=\"ultp-block-date ultp-block-meta-element\"><svg xmlns=\"http:\/\/www.w3.org\/2000\/svg\" fill=\"none\" viewbox=\"0 0 24 24\">\r\n  <path stroke=\"currentColor\" stroke-linecap=\"round\" stroke-linejoin=\"round\" stroke-width=\"1.5\" d=\"M3 5.5a2 2 0 0 1 2-2h14a2 2 0 0 1 2 2v14a2 2 0 0 1-2 2H5a2 2 0 0 1-2-2v-14ZM8 2v3m8-3v3M3 9h18\"\/>\r\n<\/svg>\r\nMay 19, 2025<\/span><\/div><div class=\"ultp-block-excerpt\"><p>Ajana Lolat-Pa\u017earauskien\u0117 has already proven that even cerebral palsy cannot keep her confined to bed. Last year, the woman managed to cover the set distance using crutches\u2026<\/p>\n<\/div><\/div><\/div><\/div><div class=\"ultp-block-item post-id-485\"><div class=\"ultp-block-content-wrap\"><div class=\"ultp-block-image ultp-block-image-opacity\"><a href=\"https:\/\/mulanfondas.lt\/en\/gineso-rekordininkes-ajanos-lolat-ikurtas-mulan-fondas-gavo-isskirtini-statusa\/\" ><img decoding=\"async\"  class=\"ultp-block-image-content\"  alt=\"Gineso rekordinink\u0117s Ajanos Lolat \u012fkurtas \u201eMulan fondas\u201c gavo i\u0161skirtin\u012f status\u0105\"  src=\"https:\/\/mulanfondas.lt\/wp-content\/uploads\/2025\/10\/lokis-ir-dipsy-sunys-asistentai-66fe7a87b3687-670x570.jpg\" \/><\/a><\/div><div class=\"ultp-block-content\"><h3 class=\"ultp-block-title\"><a href=\"https:\/\/mulanfondas.lt\/en\/gineso-rekordininkes-ajanos-lolat-ikurtas-mulan-fondas-gavo-isskirtini-statusa\/\" >Mulan fondas - established by Guinness World Record holder Ajana Lolat, has been granted a special status<\/a><\/h3><div class=\"ultp-block-meta ultp-block-meta-dot ultp-block-meta-icon\"><span class=\"ultp-block-date ultp-block-meta-element\"><svg xmlns=\"http:\/\/www.w3.org\/2000\/svg\" fill=\"none\" viewbox=\"0 0 24 24\">\r\n  <path stroke=\"currentColor\" stroke-linecap=\"round\" stroke-linejoin=\"round\" stroke-width=\"1.5\" d=\"M3 5.5a2 2 0 0 1 2-2h14a2 2 0 0 1 2 2v14a2 2 0 0 1-2 2H5a2 2 0 0 1-2-2v-14ZM8 2v3m8-3v3M3 9h18\"\/>\r\n<\/svg>\r\nOct 3, 2024<\/span><\/div><div class=\"ultp-block-excerpt\"><p>\"Mulan foundation\" operating in Lithuania, known for training the country\u2019s first assistance dogs, has been granted candidate status for international accreditation by Assistance Dogs International\u2026<\/p>\n<\/div><\/div><\/div><\/div><\/div><\/div><div class=\"pagination-block-html\" aria-hidden=\"true\" style=\"display: none;\"><div class=\"ultp-loadmore\"><span class=\"ultp-loadmore-action\"  tabindex=\"0\" role=\"button\" data-for=\"ultp-block-b039e2\" data-pages=\"2\" data-pagenum=\"1\"  data-expost=\"\" data-blockid=\"b039e2\" data-blockname=\"ultimate-post_post-grid-1\" data-postid=\"914\" data-selfpostid=\"yes\">Daugiau naujien\u0173 <span class=\"ultp-spin\"><svg xmlns=\"http:\/\/www.w3.org\/2000\/svg\" fill=\"none\" viewbox=\"0 0 24 24\">\r\n  <path stroke=\"currentColor\" stroke-linecap=\"round\" stroke-linejoin=\"round\" stroke-width=\"1.5\" d=\"M21 12a9 9 0 0 1-17 4.127M3 12a9 9 0 0 1 17-4.127M20 3v5h-5M4 21v-5h5\"\/>\r\n<\/svg>\r\n<\/span><\/span><\/div><\/div><\/div>\n\n\n<div class=\"wp-block-ultimate-post-post-pagination ultp-block-d00527 ultp-pagination-block ultp-pagination-wrap\"><div class=\"ultp-loadmore\"><a class=\"ultp-loadmore-action ultp-disable-editor-click\">Daugiau naujien\u0173<\/a><\/div><\/div>\n<\/div>\n<\/div><\/div>\n<\/div><\/section><\/div>\n<\/div><\/div>\n<\/div><\/section><\/div>\n\n\n\n<div class=\"section-wrapper\" data-id=\"vtuMLQ\"><section class=\"wp-block-gutenverse-section guten-element guten-section guten-vtuMLQ hide-mobile layout-boxed align-stretch\"><div class=\"guten-background-overlay\"><\/div><div class=\"guten-container guten-column-gap-default\">\n<div class=\"wp-block-gutenverse-column guten-element guten-column guten-TVlAqf\"><div class=\"guten-column-wrapper\" data-id=\"TVlAqf\">\n<h2 class=\"wp-block-gutenverse-heading guten-element guten-uwnEUU\">Why is your support so important?<\/h2>\n\n\n\n<div class=\"guten-element gutenverse-text-editor guten-dpH9RG\"><div class=\"text-content-inner\">\n<p>Our Foundation operates solely on the support of private donors - we do not receive any state or European funding, nor do we receive any funding from municipalities or other institutions.<\/p>\n\n\n\n<p>The preparation and full support of assistance dogs for their future owners depends entirely on your goodwill and generosity. Every donation, big or small, is vital to our mission of helping people with disabilities live independent lives.<\/p>\n<\/div><\/div>\n\n\n\n<div class=\"guten-element guten-button-wrapper guten-L2J3R2\"><a class=\"guten-button guten-button-sm\" href=\"https:\/\/mulanfondas.lt\/en\/paremti\/\"><span>DONATE<\/span><\/a><\/div>\n<\/div><\/div>\n<\/div><\/section><\/div>","protected":false},"excerpt":{"rendered":"","protected":false},"author":1,"featured_media":0,"parent":0,"menu_order":0,"comment_status":"closed","ping_status":"closed","template":"","meta":{"footnotes":""},"class_list":["post-914","page","type-page","status-publish","hentry"],"yoast_head":"<!-- This site is optimized with the Yoast SEO plugin v26.3 - https:\/\/yoast.com\/wordpress\/plugins\/seo\/ -->\n<title>Naujienos - Mulan fondas<\/title>\n<meta name=\"robots\" content=\"index, follow, max-snippet:-1, max-image-preview:large, max-video-preview:-1\" \/>\n<link rel=\"canonical\" href=\"https:\/\/mulanfondas.lt\/en\/naujienos\/\" \/>\n<meta property=\"og:locale\" content=\"en_GB\" \/>\n<meta property=\"og:type\" content=\"article\" \/>\n<meta property=\"og:title\" content=\"Naujienos - Mulan fondas\" \/>\n<meta property=\"og:url\" content=\"https:\/\/mulanfondas.lt\/en\/naujienos\/\" \/>\n<meta property=\"og:site_name\" content=\"Mulan fondas\" \/>\n<meta property=\"article:publisher\" content=\"https:\/\/www.facebook.com\/mulanfondas\" \/>\n<meta property=\"article:modified_time\" content=\"2025-11-09T14:56:54+00:00\" \/>\n<meta property=\"og:image\" content=\"https:\/\/mulanfondas.lt\/wp-content\/uploads\/2025\/11\/logo1.png\" \/>\n\t<meta property=\"og:image:width\" content=\"512\" \/>\n\t<meta property=\"og:image:height\" content=\"512\" \/>\n\t<meta property=\"og:image:type\" content=\"image\/png\" \/>\n<meta name=\"twitter:card\" content=\"summary_large_image\" \/>\n<script type=\"application\/ld+json\" class=\"yoast-schema-graph\">{\"@context\":\"https:\/\/schema.org\",\"@graph\":[{\"@type\":\"WebPage\",\"@id\":\"https:\/\/mulanfondas.lt\/naujienos\/\",\"url\":\"https:\/\/mulanfondas.lt\/naujienos\/\",\"name\":\"Naujienos - Mulan fondas\",\"isPartOf\":{\"@id\":\"https:\/\/mulanfondas.lt\/#website\"},\"datePublished\":\"2025-11-09T10:11:57+00:00\",\"dateModified\":\"2025-11-09T14:56:54+00:00\",\"breadcrumb\":{\"@id\":\"https:\/\/mulanfondas.lt\/naujienos\/#breadcrumb\"},\"inLanguage\":\"en-GB\",\"potentialAction\":[{\"@type\":\"ReadAction\",\"target\":[\"https:\/\/mulanfondas.lt\/naujienos\/\"]}]},{\"@type\":\"BreadcrumbList\",\"@id\":\"https:\/\/mulanfondas.lt\/naujienos\/#breadcrumb\",\"itemListElement\":[{\"@type\":\"ListItem\",\"position\":1,\"name\":\"Home\",\"item\":\"https:\/\/mulanfondas.lt\/\"},{\"@type\":\"ListItem\",\"position\":2,\"name\":\"Naujienos\"}]},{\"@type\":\"WebSite\",\"@id\":\"https:\/\/mulanfondas.lt\/#website\",\"url\":\"https:\/\/mulanfondas.lt\/\",\"name\":\"Mulan fondas\",\"description\":\"Pirmieji \u0161unys asistentai Lietuvoje\",\"publisher\":{\"@id\":\"https:\/\/mulanfondas.lt\/#organization\"},\"alternateName\":\"Ajanos Lolat labdaros ir paramos fondas\",\"potentialAction\":[{\"@type\":\"SearchAction\",\"target\":{\"@type\":\"EntryPoint\",\"urlTemplate\":\"https:\/\/mulanfondas.lt\/?s={search_term_string}\"},\"query-input\":{\"@type\":\"PropertyValueSpecification\",\"valueRequired\":true,\"valueName\":\"search_term_string\"}}],\"inLanguage\":\"en-GB\"},{\"@type\":\"Organization\",\"@id\":\"https:\/\/mulanfondas.lt\/#organization\",\"name\":\"Ajanos Lolat labdaros ir paramos fondas\",\"alternateName\":\"Mulan fondas\",\"url\":\"https:\/\/mulanfondas.lt\/\",\"logo\":{\"@type\":\"ImageObject\",\"inLanguage\":\"en-GB\",\"@id\":\"https:\/\/mulanfondas.lt\/#\/schema\/logo\/image\/\",\"url\":\"https:\/\/mulanfondas.lt\/wp-content\/uploads\/2025\/11\/logo1.png\",\"contentUrl\":\"https:\/\/mulanfondas.lt\/wp-content\/uploads\/2025\/11\/logo1.png\",\"width\":512,\"height\":512,\"caption\":\"Ajanos Lolat labdaros ir paramos fondas\"},\"image\":{\"@id\":\"https:\/\/mulanfondas.lt\/#\/schema\/logo\/image\/\"},\"sameAs\":[\"https:\/\/www.facebook.com\/mulanfondas\"]}]}<\/script>\n<!-- \/ Yoast SEO plugin. -->","yoast_head_json":{"title":"Naujienos - Mulan fondas","robots":{"index":"index","follow":"follow","max-snippet":"max-snippet:-1","max-image-preview":"max-image-preview:large","max-video-preview":"max-video-preview:-1"},"canonical":"https:\/\/mulanfondas.lt\/en\/naujienos\/","og_locale":"en_GB","og_type":"article","og_title":"Naujienos - Mulan fondas","og_url":"https:\/\/mulanfondas.lt\/en\/naujienos\/","og_site_name":"Mulan fondas","article_publisher":"https:\/\/www.facebook.com\/mulanfondas","article_modified_time":"2025-11-09T14:56:54+00:00","og_image":[{"width":512,"height":512,"url":"https:\/\/mulanfondas.lt\/wp-content\/uploads\/2025\/11\/logo1.png","type":"image\/png"}],"twitter_card":"summary_large_image","schema":{"@context":"https:\/\/schema.org","@graph":[{"@type":"WebPage","@id":"https:\/\/mulanfondas.lt\/naujienos\/","url":"https:\/\/mulanfondas.lt\/naujienos\/","name":"Naujienos - Mulan fondas","isPartOf":{"@id":"https:\/\/mulanfondas.lt\/#website"},"datePublished":"2025-11-09T10:11:57+00:00","dateModified":"2025-11-09T14:56:54+00:00","breadcrumb":{"@id":"https:\/\/mulanfondas.lt\/naujienos\/#breadcrumb"},"inLanguage":"en-GB","potentialAction":[{"@type":"ReadAction","target":["https:\/\/mulanfondas.lt\/naujienos\/"]}]},{"@type":"BreadcrumbList","@id":"https:\/\/mulanfondas.lt\/naujienos\/#breadcrumb","itemListElement":[{"@type":"ListItem","position":1,"name":"Home","item":"https:\/\/mulanfondas.lt\/"},{"@type":"ListItem","position":2,"name":"Naujienos"}]},{"@type":"WebSite","@id":"https:\/\/mulanfondas.lt\/#website","url":"https:\/\/mulanfondas.lt\/","name":"Mulan fondas","description":"Pirmieji \u0161unys asistentai Lietuvoje","publisher":{"@id":"https:\/\/mulanfondas.lt\/#organization"},"alternateName":"Ajanos Lolat labdaros ir paramos fondas","potentialAction":[{"@type":"SearchAction","target":{"@type":"EntryPoint","urlTemplate":"https:\/\/mulanfondas.lt\/?s={search_term_string}"},"query-input":{"@type":"PropertyValueSpecification","valueRequired":true,"valueName":"search_term_string"}}],"inLanguage":"en-GB"},{"@type":"Organization","@id":"https:\/\/mulanfondas.lt\/#organization","name":"Ajanos Lolat labdaros ir paramos fondas","alternateName":"Mulan fondas","url":"https:\/\/mulanfondas.lt\/","logo":{"@type":"ImageObject","inLanguage":"en-GB","@id":"https:\/\/mulanfondas.lt\/#\/schema\/logo\/image\/","url":"https:\/\/mulanfondas.lt\/wp-content\/uploads\/2025\/11\/logo1.png","contentUrl":"https:\/\/mulanfondas.lt\/wp-content\/uploads\/2025\/11\/logo1.png","width":512,"height":512,"caption":"Ajanos Lolat labdaros ir paramos fondas"},"image":{"@id":"https:\/\/mulanfondas.lt\/#\/schema\/logo\/image\/"},"sameAs":["https:\/\/www.facebook.com\/mulanfondas"]}]}},"_links":{"self":[{"href":"https:\/\/mulanfondas.lt\/en\/wp-json\/wp\/v2\/pages\/914","targetHints":{"allow":["GET"]}}],"collection":[{"href":"https:\/\/mulanfondas.lt\/en\/wp-json\/wp\/v2\/pages"}],"about":[{"href":"https:\/\/mulanfondas.lt\/en\/wp-json\/wp\/v2\/types\/page"}],"author":[{"embeddable":true,"href":"https:\/\/mulanfondas.lt\/en\/wp-json\/wp\/v2\/users\/1"}],"replies":[{"embeddable":true,"href":"https:\/\/mulanfondas.lt\/en\/wp-json\/wp\/v2\/comments?post=914"}],"version-history":[{"count":11,"href":"https:\/\/mulanfondas.lt\/en\/wp-json\/wp\/v2\/pages\/914\/revisions"}],"predecessor-version":[{"id":958,"href":"https:\/\/mulanfondas.lt\/en\/wp-json\/wp\/v2\/pages\/914\/revisions\/958"}],"wp:attachment":[{"href":"https:\/\/mulanfondas.lt\/en\/wp-json\/wp\/v2\/media?parent=914"}],"curies":[{"name":"wp","href":"https:\/\/api.w.org\/{rel}","templated":true}]}}