{"id":328,"date":"2025-07-04T09:13:10","date_gmt":"2025-07-04T09:13:10","guid":{"rendered":"https:\/\/mulanfondas.lt\/?page_id=328"},"modified":"2025-07-04T10:00:32","modified_gmt":"2025-07-04T10:00:32","slug":"remti-mulan-fonda","status":"publish","type":"page","link":"https:\/\/mulanfondas.lt\/en\/remti-mulan-fonda\/","title":{"rendered":"Remti Mulan fond\u0105"},"content":{"rendered":"<div class=\"section-wrapper\" data-id=\"RR5rcJ\"><section class=\"wp-block-gutenverse-section guten-element guten-section guten-RR5rcJ layout-boxed align-stretch\"><div class=\"guten-container guten-column-gap-default\">\n<div class=\"wp-block-gutenverse-column guten-element guten-column guten-AuMWJC\"><div class=\"guten-column-wrapper\" data-id=\"AuMWJC\">\n<div data-block-name=\"woocommerce\/single-product\" data-product-id=\"247\" data-wp-context=\"{&quot;productId&quot;:247,&quot;variationId&quot;:null}\" data-wp-interactive=\"woocommerce\/single-product\" class=\"wp-block-woocommerce-single-product woocommerce\">\n<div class=\"wp-block-columns is-layout-flex wp-container-core-columns-is-layout-28f84493 wp-block-columns-is-layout-flex\">\n<div class=\"wp-block-column is-layout-flow wp-block-column-is-layout-flow\"><div data-block-name=\"woocommerce\/product-image\" data-is-descendent-of-single-product-block=\"true\" data-show-sale-badge=\"false\" class=\"wc-block-components-product-image wc-block-grid__product-image wc-block-components-product-image--aspect-ratio-auto wp-block-woocommerce-product-image\"><a href=\"https:\/\/mulanfondas.lt\/en\/product\/paremti-mulan-fonda-2\/\" style=\"\" data-wp-on--click=\"woocommerce\/product-collection::actions.viewProduct\"><img loading=\"lazy\" decoding=\"async\" width=\"600\" height=\"600\" src=\"https:\/\/mulanfondas.lt\/wp-content\/uploads\/woocommerce-placeholder-600x600.png\" class=\"woocommerce-placeholder wp-post-image\" alt=\"Placeholder\" style=\"object-fit:cover;\" srcset=\"https:\/\/mulanfondas.lt\/wp-content\/uploads\/woocommerce-placeholder-600x600.png 600w, https:\/\/mulanfondas.lt\/wp-content\/uploads\/woocommerce-placeholder-300x300.png 300w, https:\/\/mulanfondas.lt\/wp-content\/uploads\/woocommerce-placeholder-100x100.png 100w, https:\/\/mulanfondas.lt\/wp-content\/uploads\/woocommerce-placeholder-1024x1024.png 1024w, https:\/\/mulanfondas.lt\/wp-content\/uploads\/woocommerce-placeholder-150x150.png 150w, https:\/\/mulanfondas.lt\/wp-content\/uploads\/woocommerce-placeholder-768x768.png 768w, https:\/\/mulanfondas.lt\/wp-content\/uploads\/woocommerce-placeholder-75x75.png 75w, https:\/\/mulanfondas.lt\/wp-content\/uploads\/woocommerce-placeholder-350x350.png 350w, https:\/\/mulanfondas.lt\/wp-content\/uploads\/woocommerce-placeholder-750x750.png 750w, https:\/\/mulanfondas.lt\/wp-content\/uploads\/woocommerce-placeholder-1140x1140.png 1140w, https:\/\/mulanfondas.lt\/wp-content\/uploads\/woocommerce-placeholder.png 1200w\" sizes=\"auto, (max-width: 600px) 100vw, 600px\" data-no-translation-alt=\"\" \/><div class=\"wc-block-components-product-image__inner-container\"><\/div><\/a><\/div><\/div>\n\n\n\n<div class=\"wp-block-column is-layout-flow wp-block-column-is-layout-flow\"><h2 class=\"wp-block-post-title\"><a href=\"https:\/\/mulanfondas.lt\/en\/product\/paremti-mulan-fonda-2\/\" target=\"_self\" >Donate to Mulan Foundation<\/a><\/h2>\n\n\n\n<div data-block-name=\"woocommerce\/product-price\" data-is-descendent-of-single-product-block=\"true\" class=\"wp-block-woocommerce-product-price\" ><div class=\"wc-block-components-product-price wc-block-grid__product-price\" >\n\t\t\t\t\t<span class=\"woocommerce-Price-amount amount\"><bdi>0,00&nbsp;<span class=\"woocommerce-Price-currencySymbol\">&euro;<\/span><\/bdi><\/span>\n\t\t\t\t<\/div><\/div>\n\n\n\n<div data-block-name=\"woocommerce\/add-to-cart-form\" class=\"wp-block-add-to-cart-form wc-block-add-to-cart-form wc-block-add-to-cart-form--input wp-block-woocommerce-add-to-cart-form\" >\n<form class=\"cart grouped_form\" action=\"https:\/\/mulanfondas.lt\/en\/product\/paremti-mulan-fonda-2\/\" method=\"post\" enctype='multipart\/form-data' data-trp-original-action=\"https:\/\/mulanfondas.lt\/en\/product\/paremti-mulan-fonda-2\/\">\n\t<table cellspacing=\"0\" class=\"woocommerce-grouped-product-list group_table\">\n\t\t<tbody>\n\t\t\t<tr id=\"product-234\" class=\"woocommerce-grouped-product-list-item product type-product post-234 status-publish first instock product_cat-be-kategorijos has-post-thumbnail virtual purchasable product-type-simple\"><td class=\"woocommerce-grouped-product-list-item__quantity\"><div class=\"quantity\">\n\t\t<label class=\"screen-reader-text\" for=\"quantity_69f859d0ead9a\" data-no-translation=\"\" data-trp-gettext=\"\">Vienkartin\u0117 auka quantity<\/label>\n\t<input\n\t\ttype=\"number\"\n\t\t\t\tid=\"quantity_69f859d0ead9a\"\n\t\tclass=\"input-text qty text\"\n\t\tname=\"quantity[234]\"\n\t\tvalue=\"\"\n\t\taria-label=\"Product quantity\"\n\t\t\t\tmin=\"0\"\n\t\t\t\t\t\t\tstep=\"1\"\n\t\t\tplaceholder=\"0\"\n\t\t\tinputmode=\"numeric\"\n\t\t\tautocomplete=\"off\" data-no-translation-aria-label=\"\"\n\t\t\t\/>\n\t<\/div>\n<\/td><td class=\"woocommerce-grouped-product-list-item__label\"><label for=\"product-234\"><a href=\"https:\/\/mulanfondas.lt\/en\/product\/paremti-mulan-fonda\/\">One-time donation<\/a><\/label><\/td><td class=\"woocommerce-grouped-product-list-item__price\"><span class=\"woocommerce-Price-amount amount\"><bdi>0,00&nbsp;<span class=\"woocommerce-Price-currencySymbol\">&euro;<\/span><\/bdi><\/span><\/td><\/tr><tr id=\"product-244\" class=\"woocommerce-grouped-product-list-item product type-product post-244 status-publish instock product_cat-be-kategorijos has-post-thumbnail virtual sold-individually purchasable product-type-simple\"><td class=\"woocommerce-grouped-product-list-item__quantity\"><input type=\"checkbox\" name=\"quantity[244]\" value=\"1\" class=\"wc-grouped-product-add-to-cart-checkbox\" id=\"quantity-244\" \/><label for=\"quantity-244\" class=\"screen-reader-text\" data-no-translation=\"\" data-trp-gettext=\"\">Buy one of Periodin\u0117 auka (kiekvien\u0105 m\u0117nes\u012f) for 0,00&nbsp;&euro;<\/label><\/td><td class=\"woocommerce-grouped-product-list-item__label\"><label for=\"product-244\"><a href=\"https:\/\/mulanfondas.lt\/en\/product\/test\/\">Periodic donation (monthly)<\/a><\/label><\/td><td class=\"woocommerce-grouped-product-list-item__price\"><span class=\"woocommerce-Price-amount amount\"><bdi>0,00&nbsp;<span class=\"woocommerce-Price-currencySymbol\">&euro;<\/span><\/bdi><\/span><span class=\"wps_sfw_interval\"> \/  Month <\/span><\/td><\/tr>\t\t<\/tbody>\n\t<\/table>\n\n\t<input type=\"hidden\" name=\"add-to-cart\" value=\"247\" \/>\n\n\t\n\t\t\n\t\t<button type=\"submit\" class=\"single_add_to_cart_button button alt wp-element-button\" data-no-translation=\"\" data-trp-gettext=\"\">Add to basket<\/button>\n\n\t\t\n\t<input type=\"hidden\" name=\"trp-form-language\" value=\"en\"\/><\/form>\n\n<\/div>\n\n\n<div data-block-name=\"woocommerce\/product-meta\" class=\"wp-block-woocommerce-product-meta\">\n<div class=\"wp-block-group is-nowrap is-layout-flex wp-container-core-group-is-layout-6c531013 wp-block-group-is-layout-flex\">\n\n<\/div>\n<\/div>\n<\/div>\n<\/div>\n<\/div>\n<\/div><\/div>\n<\/div><\/section><\/div>","protected":false},"excerpt":{"rendered":"","protected":false},"author":1,"featured_media":0,"parent":0,"menu_order":0,"comment_status":"closed","ping_status":"closed","template":"","meta":{"footnotes":""},"class_list":["post-328","page","type-page","status-publish","hentry"],"yoast_head":"<!-- This site is optimized with the Yoast SEO plugin v26.3 - https:\/\/yoast.com\/wordpress\/plugins\/seo\/ -->\n<title>Remti Mulan fond\u0105 - Mulan fondas<\/title>\n<meta name=\"robots\" content=\"index, follow, max-snippet:-1, max-image-preview:large, max-video-preview:-1\" \/>\n<link rel=\"canonical\" href=\"https:\/\/mulanfondas.lt\/en\/remti-mulan-fonda\/\" \/>\n<meta property=\"og:locale\" content=\"en_GB\" \/>\n<meta property=\"og:type\" content=\"article\" \/>\n<meta property=\"og:title\" content=\"Remti Mulan fond\u0105 - Mulan fondas\" \/>\n<meta property=\"og:url\" content=\"https:\/\/mulanfondas.lt\/en\/remti-mulan-fonda\/\" \/>\n<meta property=\"og:site_name\" content=\"Mulan fondas\" \/>\n<meta property=\"article:publisher\" content=\"https:\/\/www.facebook.com\/mulanfondas\" \/>\n<meta property=\"article:modified_time\" content=\"2025-07-04T10:00:32+00:00\" \/>\n<meta property=\"og:image\" content=\"https:\/\/mulanfondas.lt\/wp-content\/uploads\/2025\/11\/logo1.png\" \/>\n\t<meta property=\"og:image:width\" content=\"512\" \/>\n\t<meta property=\"og:image:height\" content=\"512\" \/>\n\t<meta property=\"og:image:type\" content=\"image\/png\" \/>\n<meta name=\"twitter:card\" content=\"summary_large_image\" \/>\n<script type=\"application\/ld+json\" class=\"yoast-schema-graph\">{\"@context\":\"https:\/\/schema.org\",\"@graph\":[{\"@type\":\"WebPage\",\"@id\":\"https:\/\/mulanfondas.lt\/remti-mulan-fonda\/\",\"url\":\"https:\/\/mulanfondas.lt\/remti-mulan-fonda\/\",\"name\":\"Remti Mulan fond\u0105 - Mulan fondas\",\"isPartOf\":{\"@id\":\"https:\/\/mulanfondas.lt\/#website\"},\"datePublished\":\"2025-07-04T09:13:10+00:00\",\"dateModified\":\"2025-07-04T10:00:32+00:00\",\"breadcrumb\":{\"@id\":\"https:\/\/mulanfondas.lt\/remti-mulan-fonda\/#breadcrumb\"},\"inLanguage\":\"en-GB\",\"potentialAction\":[{\"@type\":\"ReadAction\",\"target\":[\"https:\/\/mulanfondas.lt\/remti-mulan-fonda\/\"]}]},{\"@type\":\"BreadcrumbList\",\"@id\":\"https:\/\/mulanfondas.lt\/remti-mulan-fonda\/#breadcrumb\",\"itemListElement\":[{\"@type\":\"ListItem\",\"position\":1,\"name\":\"Home\",\"item\":\"https:\/\/mulanfondas.lt\/\"},{\"@type\":\"ListItem\",\"position\":2,\"name\":\"Remti Mulan fond\u0105\"}]},{\"@type\":\"WebSite\",\"@id\":\"https:\/\/mulanfondas.lt\/#website\",\"url\":\"https:\/\/mulanfondas.lt\/\",\"name\":\"Mulan fondas\",\"description\":\"Pirmieji \u0161unys asistentai Lietuvoje\",\"publisher\":{\"@id\":\"https:\/\/mulanfondas.lt\/#organization\"},\"alternateName\":\"Ajanos Lolat labdaros ir paramos fondas\",\"potentialAction\":[{\"@type\":\"SearchAction\",\"target\":{\"@type\":\"EntryPoint\",\"urlTemplate\":\"https:\/\/mulanfondas.lt\/?s={search_term_string}\"},\"query-input\":{\"@type\":\"PropertyValueSpecification\",\"valueRequired\":true,\"valueName\":\"search_term_string\"}}],\"inLanguage\":\"en-GB\"},{\"@type\":\"Organization\",\"@id\":\"https:\/\/mulanfondas.lt\/#organization\",\"name\":\"Ajanos Lolat labdaros ir paramos fondas\",\"alternateName\":\"Mulan fondas\",\"url\":\"https:\/\/mulanfondas.lt\/\",\"logo\":{\"@type\":\"ImageObject\",\"inLanguage\":\"en-GB\",\"@id\":\"https:\/\/mulanfondas.lt\/#\/schema\/logo\/image\/\",\"url\":\"https:\/\/mulanfondas.lt\/wp-content\/uploads\/2025\/11\/logo1.png\",\"contentUrl\":\"https:\/\/mulanfondas.lt\/wp-content\/uploads\/2025\/11\/logo1.png\",\"width\":512,\"height\":512,\"caption\":\"Ajanos Lolat labdaros ir paramos fondas\"},\"image\":{\"@id\":\"https:\/\/mulanfondas.lt\/#\/schema\/logo\/image\/\"},\"sameAs\":[\"https:\/\/www.facebook.com\/mulanfondas\"]}]}<\/script>\n<!-- \/ Yoast SEO plugin. -->","yoast_head_json":{"title":"Remti Mulan fond\u0105 - Mulan fondas","robots":{"index":"index","follow":"follow","max-snippet":"max-snippet:-1","max-image-preview":"max-image-preview:large","max-video-preview":"max-video-preview:-1"},"canonical":"https:\/\/mulanfondas.lt\/en\/remti-mulan-fonda\/","og_locale":"en_GB","og_type":"article","og_title":"Remti Mulan fond\u0105 - Mulan fondas","og_url":"https:\/\/mulanfondas.lt\/en\/remti-mulan-fonda\/","og_site_name":"Mulan fondas","article_publisher":"https:\/\/www.facebook.com\/mulanfondas","article_modified_time":"2025-07-04T10:00:32+00:00","og_image":[{"width":512,"height":512,"url":"https:\/\/mulanfondas.lt\/wp-content\/uploads\/2025\/11\/logo1.png","type":"image\/png"}],"twitter_card":"summary_large_image","schema":{"@context":"https:\/\/schema.org","@graph":[{"@type":"WebPage","@id":"https:\/\/mulanfondas.lt\/remti-mulan-fonda\/","url":"https:\/\/mulanfondas.lt\/remti-mulan-fonda\/","name":"Remti Mulan fond\u0105 - Mulan fondas","isPartOf":{"@id":"https:\/\/mulanfondas.lt\/#website"},"datePublished":"2025-07-04T09:13:10+00:00","dateModified":"2025-07-04T10:00:32+00:00","breadcrumb":{"@id":"https:\/\/mulanfondas.lt\/remti-mulan-fonda\/#breadcrumb"},"inLanguage":"en-GB","potentialAction":[{"@type":"ReadAction","target":["https:\/\/mulanfondas.lt\/remti-mulan-fonda\/"]}]},{"@type":"BreadcrumbList","@id":"https:\/\/mulanfondas.lt\/remti-mulan-fonda\/#breadcrumb","itemListElement":[{"@type":"ListItem","position":1,"name":"Home","item":"https:\/\/mulanfondas.lt\/"},{"@type":"ListItem","position":2,"name":"Remti Mulan fond\u0105"}]},{"@type":"WebSite","@id":"https:\/\/mulanfondas.lt\/#website","url":"https:\/\/mulanfondas.lt\/","name":"Mulan fondas","description":"Pirmieji \u0161unys asistentai Lietuvoje","publisher":{"@id":"https:\/\/mulanfondas.lt\/#organization"},"alternateName":"Ajanos Lolat labdaros ir paramos fondas","potentialAction":[{"@type":"SearchAction","target":{"@type":"EntryPoint","urlTemplate":"https:\/\/mulanfondas.lt\/?s={search_term_string}"},"query-input":{"@type":"PropertyValueSpecification","valueRequired":true,"valueName":"search_term_string"}}],"inLanguage":"en-GB"},{"@type":"Organization","@id":"https:\/\/mulanfondas.lt\/#organization","name":"Ajanos Lolat labdaros ir paramos fondas","alternateName":"Mulan fondas","url":"https:\/\/mulanfondas.lt\/","logo":{"@type":"ImageObject","inLanguage":"en-GB","@id":"https:\/\/mulanfondas.lt\/#\/schema\/logo\/image\/","url":"https:\/\/mulanfondas.lt\/wp-content\/uploads\/2025\/11\/logo1.png","contentUrl":"https:\/\/mulanfondas.lt\/wp-content\/uploads\/2025\/11\/logo1.png","width":512,"height":512,"caption":"Ajanos Lolat labdaros ir paramos fondas"},"image":{"@id":"https:\/\/mulanfondas.lt\/#\/schema\/logo\/image\/"},"sameAs":["https:\/\/www.facebook.com\/mulanfondas"]}]}},"_links":{"self":[{"href":"https:\/\/mulanfondas.lt\/en\/wp-json\/wp\/v2\/pages\/328","targetHints":{"allow":["GET"]}}],"collection":[{"href":"https:\/\/mulanfondas.lt\/en\/wp-json\/wp\/v2\/pages"}],"about":[{"href":"https:\/\/mulanfondas.lt\/en\/wp-json\/wp\/v2\/types\/page"}],"author":[{"embeddable":true,"href":"https:\/\/mulanfondas.lt\/en\/wp-json\/wp\/v2\/users\/1"}],"replies":[{"embeddable":true,"href":"https:\/\/mulanfondas.lt\/en\/wp-json\/wp\/v2\/comments?post=328"}],"version-history":[{"count":6,"href":"https:\/\/mulanfondas.lt\/en\/wp-json\/wp\/v2\/pages\/328\/revisions"}],"predecessor-version":[{"id":338,"href":"https:\/\/mulanfondas.lt\/en\/wp-json\/wp\/v2\/pages\/328\/revisions\/338"}],"wp:attachment":[{"href":"https:\/\/mulanfondas.lt\/en\/wp-json\/wp\/v2\/media?parent=328"}],"curies":[{"name":"wp","href":"https:\/\/api.w.org\/{rel}","templated":true}]}}